{"id":24,"date":"2021-01-19T20:41:47","date_gmt":"2021-01-19T20:41:47","guid":{"rendered":"http:\/\/secure-seehaus.de\/?page_id=24"},"modified":"2026-03-30T10:31:28","modified_gmt":"2026-03-30T10:31:28","slug":"zuhause","status":"publish","type":"page","link":"https:\/\/seehaus-ahrenshoop.de\/das-haus\/","title":{"rendered":"Das Haus\/Die Lage"},"content":{"rendered":"\t\t<div data-elementor-type=\"wp-page\" data-elementor-id=\"24\" class=\"elementor elementor-24\" data-elementor-settings=\"[]\">\n\t\t\t\t\t\t<div class=\"elementor-inner\">\n\t\t\t\t\t\t\t<div class=\"elementor-section-wrap\">\n\t\t\t\t\t\t\t<section class=\"elementor-section elementor-top-section elementor-element elementor-element-e896891 elementor-section-boxed elementor-section-height-default elementor-section-height-default\" data-id=\"e896891\" data-element_type=\"section\">\n\t\t\t\t\t\t<div class=\"elementor-container elementor-column-gap-default\">\n\t\t\t\t\t\t\t<div class=\"elementor-row\">\n\t\t\t\t\t<div class=\"elementor-column elementor-col-100 elementor-top-column elementor-element elementor-element-7e6648d\" data-id=\"7e6648d\" data-element_type=\"column\">\n\t\t\t<div class=\"elementor-column-wrap elementor-element-populated\">\n\t\t\t\t\t\t\t<div class=\"elementor-widget-wrap\">\n\t\t\t\t\t\t<div class=\"elementor-element elementor-element-1114b08 elementor-widget elementor-widget-text-editor\" data-id=\"1114b08\" data-element_type=\"widget\" data-widget_type=\"text-editor.default\">\n\t\t\t\t<div class=\"elementor-widget-container\">\n\t\t\t\t\t<div class=\"elementor-text-editor elementor-clearfix\"><p><strong>Im Zeitraum 11.4.26 bis 19.4.26 gilt das Angebot 8 N\u00e4chte zum Preis von 7, bzw. 7 f\u00fcr 6!<\/strong><\/p><\/div>\n\t\t\t\t<\/div>\n\t\t\t\t<\/div>\n\t\t\t\t\t\t<\/div>\n\t\t\t\t\t<\/div>\n\t\t<\/div>\n\t\t\t\t\t\t\t\t<\/div>\n\t\t\t\t\t<\/div>\n\t\t<\/section>\n\t\t\t\t<section class=\"elementor-section elementor-top-section elementor-element elementor-element-54ee555 elementor-section-boxed elementor-section-height-default elementor-section-height-default\" data-id=\"54ee555\" data-element_type=\"section\">\n\t\t\t\t\t\t<div class=\"elementor-container elementor-column-gap-default\">\n\t\t\t\t\t\t\t<div class=\"elementor-row\">\n\t\t\t\t\t<div class=\"elementor-column elementor-col-100 elementor-top-column elementor-element elementor-element-ecab4f0\" data-id=\"ecab4f0\" data-element_type=\"column\">\n\t\t\t<div class=\"elementor-column-wrap elementor-element-populated\">\n\t\t\t\t\t\t\t<div class=\"elementor-widget-wrap\">\n\t\t\t\t\t\t<div class=\"elementor-element elementor-element-6d9ea1a elementor-widget elementor-widget-heading\" data-id=\"6d9ea1a\" data-element_type=\"widget\" data-widget_type=\"heading.default\">\n\t\t\t\t<div class=\"elementor-widget-container\">\n\t\t\t<h2 class=\"elementor-heading-title elementor-size-default\"><h3 data-elementor-setting-key=\"title\" data-pen-placeholder=\"Eingabe hier...\" style=\"font-size: 32px; font-family: Raleway;\">Das Haus<\/h3><\/h2>\t\t<\/div>\n\t\t\t\t<\/div>\n\t\t\t\t\t\t<\/div>\n\t\t\t\t\t<\/div>\n\t\t<\/div>\n\t\t\t\t\t\t\t\t<\/div>\n\t\t\t\t\t<\/div>\n\t\t<\/section>\n\t\t\t\t<section class=\"elementor-section elementor-top-section elementor-element elementor-element-fab224f elementor-section-boxed elementor-section-height-default elementor-section-height-default\" data-id=\"fab224f\" data-element_type=\"section\">\n\t\t\t\t\t\t<div class=\"elementor-container elementor-column-gap-default\">\n\t\t\t\t\t\t\t<div class=\"elementor-row\">\n\t\t\t\t\t<div class=\"elementor-column elementor-col-100 elementor-top-column elementor-element elementor-element-07ef417\" data-id=\"07ef417\" data-element_type=\"column\">\n\t\t\t<div class=\"elementor-column-wrap elementor-element-populated\">\n\t\t\t\t\t\t\t<div class=\"elementor-widget-wrap\">\n\t\t\t\t\t\t<div class=\"elementor-element elementor-element-b15b429 elementor-widget elementor-widget-image\" data-id=\"b15b429\" data-element_type=\"widget\" data-widget_type=\"image.default\">\n\t\t\t\t<div class=\"elementor-widget-container\">\n\t\t\t\t\t<div class=\"elementor-image\">\n\t\t\t\t\t\t\t\t\t\t<img width=\"1024\" height=\"544\" src=\"https:\/\/seehaus-ahrenshoop.de\/wp-content\/uploads\/2022\/02\/dashaus-1024x544.jpg\" class=\"attachment-large size-large\" alt=\"\" loading=\"lazy\" srcset=\"https:\/\/seehaus-ahrenshoop.de\/wp-content\/uploads\/2022\/02\/dashaus-1024x544.jpg 1024w, https:\/\/seehaus-ahrenshoop.de\/wp-content\/uploads\/2022\/02\/dashaus-300x159.jpg 300w, https:\/\/seehaus-ahrenshoop.de\/wp-content\/uploads\/2022\/02\/dashaus-768x408.jpg 768w, https:\/\/seehaus-ahrenshoop.de\/wp-content\/uploads\/2022\/02\/dashaus-1536x816.jpg 1536w, https:\/\/seehaus-ahrenshoop.de\/wp-content\/uploads\/2022\/02\/dashaus-2048x1088.jpg 2048w, https:\/\/seehaus-ahrenshoop.de\/wp-content\/uploads\/2022\/02\/dashaus-830x441.jpg 830w, https:\/\/seehaus-ahrenshoop.de\/wp-content\/uploads\/2022\/02\/dashaus-230x122.jpg 230w, https:\/\/seehaus-ahrenshoop.de\/wp-content\/uploads\/2022\/02\/dashaus-350x186.jpg 350w, https:\/\/seehaus-ahrenshoop.de\/wp-content\/uploads\/2022\/02\/dashaus-480x255.jpg 480w\" sizes=\"(max-width: 1024px) 100vw, 1024px\" \/>\t\t\t\t\t\t\t\t\t\t\t<\/div>\n\t\t\t\t<\/div>\n\t\t\t\t<\/div>\n\t\t\t\t\t\t<\/div>\n\t\t\t\t\t<\/div>\n\t\t<\/div>\n\t\t\t\t\t\t\t\t<\/div>\n\t\t\t\t\t<\/div>\n\t\t<\/section>\n\t\t\t\t<section class=\"elementor-section elementor-top-section elementor-element elementor-element-9a09434 elementor-section-boxed elementor-section-height-default elementor-section-height-default\" data-id=\"9a09434\" data-element_type=\"section\">\n\t\t\t\t\t\t<div class=\"elementor-container elementor-column-gap-default\">\n\t\t\t\t\t\t\t<div class=\"elementor-row\">\n\t\t\t\t\t<div class=\"elementor-column elementor-col-100 elementor-top-column elementor-element elementor-element-7509ded\" data-id=\"7509ded\" data-element_type=\"column\">\n\t\t\t<div class=\"elementor-column-wrap elementor-element-populated\">\n\t\t\t\t\t\t\t<div class=\"elementor-widget-wrap\">\n\t\t\t\t\t\t<div class=\"elementor-element elementor-element-a3a69e9 elementor-widget elementor-widget-text-editor\" data-id=\"a3a69e9\" data-element_type=\"widget\" data-widget_type=\"text-editor.default\">\n\t\t\t\t<div class=\"elementor-widget-container\">\n\t\t\t\t\t<div class=\"elementor-text-editor elementor-clearfix\"><p class=\"paragraph_style_2\"><span class=\"style_2\"><strong>Traditionen im Wandel<\/strong><\/span><\/p><p style=\"font-weight: 400;\">Wir hei\u00dfen Sie herzlich willkommen im Seehaus, ein reetgedecktes Haus,\u00ad erbaut in den 50er Jahren, behutsam renoviert, ausgestattet mit Wohnklassikern, die ebenso sch\u00f6n wie unaufdringlich zum Verweilen einladen. Eine Minute vom Strand entfernt und in absolut ruhiger Ortslage, eingebettet in die Ahrenshooper K\u00fcnstlerkolonie entlang weiter Felder. Inmitten eines gro\u00dfen alten Gartens ist hier ein Refugium f\u00fcr bis zu sechs Personen auf 120 qm entstanden. Hier lebt moderner Zeitgeist in alten Mauern.<\/p><p style=\"font-weight: 400;\">Der idyllische Boddenhafen ist ebenso fu\u00dfl\u00e4ufig zu erreichen wie die vielen kleinen Ahrenshooper L\u00e4den und Galerien mit Ausstellungen, Konzerten, Lesungen und Kunstaktionen. Die Halbinsel Fischland-Dar\u00df-Zingst besitzt eine der sch\u00f6nsten und abwechslungsreichsten K\u00fcstenlandschaften in der Ostseeregion.\u00adUnter einem schier endlosen Himmel vereinen sich kilometerlange wei\u00dfe Sandstr\u00e4nde mit tiefen W\u00e4ldern und weiten Wiesenlandschaften zwischen den Wasserfl\u00e4chen von\u00ad Ostsee und Bodden.\u00ad\u00ad<\/p><p><i>\u00a0Das Gl\u00fcck ist ein kurzer Genuss und eine lange Erinnerung!<\/i><\/p><\/div>\n\t\t\t\t<\/div>\n\t\t\t\t<\/div>\n\t\t\t\t\t\t<\/div>\n\t\t\t\t\t<\/div>\n\t\t<\/div>\n\t\t\t\t\t\t\t\t<\/div>\n\t\t\t\t\t<\/div>\n\t\t<\/section>\n\t\t\t\t<section class=\"elementor-section elementor-top-section elementor-element elementor-element-b8cc8c4 elementor-section-boxed elementor-section-height-default elementor-section-height-default\" data-id=\"b8cc8c4\" data-element_type=\"section\">\n\t\t\t\t\t\t<div class=\"elementor-container elementor-column-gap-default\">\n\t\t\t\t\t\t\t<div class=\"elementor-row\">\n\t\t\t\t\t<div class=\"elementor-column elementor-col-25 elementor-top-column elementor-element elementor-element-f1c66ad\" data-id=\"f1c66ad\" data-element_type=\"column\">\n\t\t\t<div class=\"elementor-column-wrap elementor-element-populated\">\n\t\t\t\t\t\t\t<div class=\"elementor-widget-wrap\">\n\t\t\t\t\t\t<div class=\"elementor-element elementor-element-18c5237 elementor-widget elementor-widget-image\" data-id=\"18c5237\" data-element_type=\"widget\" data-widget_type=\"image.default\">\n\t\t\t\t<div class=\"elementor-widget-container\">\n\t\t\t\t\t<div class=\"elementor-image\">\n\t\t\t\t\t\t\t\t\t\t<img width=\"1024\" height=\"490\" src=\"https:\/\/seehaus-ahrenshoop.de\/wp-content\/uploads\/2021\/01\/v-1024x490.jpg\" class=\"attachment-large size-large\" alt=\"\" loading=\"lazy\" srcset=\"https:\/\/seehaus-ahrenshoop.de\/wp-content\/uploads\/2021\/01\/v-1024x490.jpg 1024w, https:\/\/seehaus-ahrenshoop.de\/wp-content\/uploads\/2021\/01\/v-300x144.jpg 300w, https:\/\/seehaus-ahrenshoop.de\/wp-content\/uploads\/2021\/01\/v-768x368.jpg 768w, https:\/\/seehaus-ahrenshoop.de\/wp-content\/uploads\/2021\/01\/v-830x397.jpg 830w, https:\/\/seehaus-ahrenshoop.de\/wp-content\/uploads\/2021\/01\/v-230x110.jpg 230w, https:\/\/seehaus-ahrenshoop.de\/wp-content\/uploads\/2021\/01\/v-350x168.jpg 350w, https:\/\/seehaus-ahrenshoop.de\/wp-content\/uploads\/2021\/01\/v-480x230.jpg 480w, https:\/\/seehaus-ahrenshoop.de\/wp-content\/uploads\/2021\/01\/v.jpg 1448w\" sizes=\"(max-width: 1024px) 100vw, 1024px\" \/>\t\t\t\t\t\t\t\t\t\t\t<\/div>\n\t\t\t\t<\/div>\n\t\t\t\t<\/div>\n\t\t\t\t\t\t<\/div>\n\t\t\t\t\t<\/div>\n\t\t<\/div>\n\t\t\t\t<div class=\"elementor-column elementor-col-25 elementor-top-column elementor-element elementor-element-d971bf2\" data-id=\"d971bf2\" data-element_type=\"column\">\n\t\t\t<div class=\"elementor-column-wrap elementor-element-populated\">\n\t\t\t\t\t\t\t<div class=\"elementor-widget-wrap\">\n\t\t\t\t\t\t<div class=\"elementor-element elementor-element-a52c893 elementor-widget elementor-widget-image\" data-id=\"a52c893\" data-element_type=\"widget\" data-widget_type=\"image.default\">\n\t\t\t\t<div class=\"elementor-widget-container\">\n\t\t\t\t\t<div class=\"elementor-image\">\n\t\t\t\t\t\t\t\t\t\t<img width=\"1024\" height=\"490\" src=\"https:\/\/seehaus-ahrenshoop.de\/wp-content\/uploads\/2022\/02\/dashauskl-1024x490.jpg\" class=\"attachment-large size-large\" alt=\"\" loading=\"lazy\" srcset=\"https:\/\/seehaus-ahrenshoop.de\/wp-content\/uploads\/2022\/02\/dashauskl-1024x490.jpg 1024w, https:\/\/seehaus-ahrenshoop.de\/wp-content\/uploads\/2022\/02\/dashauskl-300x144.jpg 300w, https:\/\/seehaus-ahrenshoop.de\/wp-content\/uploads\/2022\/02\/dashauskl-768x368.jpg 768w, https:\/\/seehaus-ahrenshoop.de\/wp-content\/uploads\/2022\/02\/dashauskl-830x397.jpg 830w, https:\/\/seehaus-ahrenshoop.de\/wp-content\/uploads\/2022\/02\/dashauskl-230x110.jpg 230w, https:\/\/seehaus-ahrenshoop.de\/wp-content\/uploads\/2022\/02\/dashauskl-350x168.jpg 350w, https:\/\/seehaus-ahrenshoop.de\/wp-content\/uploads\/2022\/02\/dashauskl-480x230.jpg 480w, https:\/\/seehaus-ahrenshoop.de\/wp-content\/uploads\/2022\/02\/dashauskl.jpg 1448w\" sizes=\"(max-width: 1024px) 100vw, 1024px\" \/>\t\t\t\t\t\t\t\t\t\t\t<\/div>\n\t\t\t\t<\/div>\n\t\t\t\t<\/div>\n\t\t\t\t\t\t<\/div>\n\t\t\t\t\t<\/div>\n\t\t<\/div>\n\t\t\t\t<div class=\"elementor-column elementor-col-25 elementor-top-column elementor-element elementor-element-3e07fc2\" data-id=\"3e07fc2\" data-element_type=\"column\">\n\t\t\t<div class=\"elementor-column-wrap elementor-element-populated\">\n\t\t\t\t\t\t\t<div class=\"elementor-widget-wrap\">\n\t\t\t\t\t\t<div class=\"elementor-element elementor-element-4f1d2de elementor-widget elementor-widget-image\" data-id=\"4f1d2de\" data-element_type=\"widget\" data-widget_type=\"image.default\">\n\t\t\t\t<div class=\"elementor-widget-container\">\n\t\t\t\t\t<div class=\"elementor-image\">\n\t\t\t\t\t\t\t\t\t\t<img width=\"1024\" height=\"490\" src=\"https:\/\/seehaus-ahrenshoop.de\/wp-content\/uploads\/2021\/01\/z-1024x490.jpg\" class=\"attachment-large size-large\" alt=\"\" loading=\"lazy\" srcset=\"https:\/\/seehaus-ahrenshoop.de\/wp-content\/uploads\/2021\/01\/z-1024x490.jpg 1024w, https:\/\/seehaus-ahrenshoop.de\/wp-content\/uploads\/2021\/01\/z-300x144.jpg 300w, https:\/\/seehaus-ahrenshoop.de\/wp-content\/uploads\/2021\/01\/z-768x368.jpg 768w, https:\/\/seehaus-ahrenshoop.de\/wp-content\/uploads\/2021\/01\/z-830x397.jpg 830w, https:\/\/seehaus-ahrenshoop.de\/wp-content\/uploads\/2021\/01\/z-230x110.jpg 230w, https:\/\/seehaus-ahrenshoop.de\/wp-content\/uploads\/2021\/01\/z-350x168.jpg 350w, https:\/\/seehaus-ahrenshoop.de\/wp-content\/uploads\/2021\/01\/z-480x230.jpg 480w, https:\/\/seehaus-ahrenshoop.de\/wp-content\/uploads\/2021\/01\/z.jpg 1448w\" sizes=\"(max-width: 1024px) 100vw, 1024px\" \/>\t\t\t\t\t\t\t\t\t\t\t<\/div>\n\t\t\t\t<\/div>\n\t\t\t\t<\/div>\n\t\t\t\t\t\t<\/div>\n\t\t\t\t\t<\/div>\n\t\t<\/div>\n\t\t\t\t<div class=\"elementor-column elementor-col-25 elementor-top-column elementor-element elementor-element-061ae1c\" data-id=\"061ae1c\" data-element_type=\"column\">\n\t\t\t<div class=\"elementor-column-wrap elementor-element-populated\">\n\t\t\t\t\t\t\t<div class=\"elementor-widget-wrap\">\n\t\t\t\t\t\t<div class=\"elementor-element elementor-element-37f298c elementor-widget elementor-widget-image\" data-id=\"37f298c\" data-element_type=\"widget\" data-widget_type=\"image.default\">\n\t\t\t\t<div class=\"elementor-widget-container\">\n\t\t\t\t\t<div class=\"elementor-image\">\n\t\t\t\t\t\t\t\t\t\t<img width=\"1024\" height=\"490\" src=\"https:\/\/seehaus-ahrenshoop.de\/wp-content\/uploads\/2021\/01\/u-1024x490.jpg\" class=\"attachment-large size-large\" alt=\"\" loading=\"lazy\" srcset=\"https:\/\/seehaus-ahrenshoop.de\/wp-content\/uploads\/2021\/01\/u-1024x490.jpg 1024w, https:\/\/seehaus-ahrenshoop.de\/wp-content\/uploads\/2021\/01\/u-300x144.jpg 300w, https:\/\/seehaus-ahrenshoop.de\/wp-content\/uploads\/2021\/01\/u-768x368.jpg 768w, https:\/\/seehaus-ahrenshoop.de\/wp-content\/uploads\/2021\/01\/u-830x397.jpg 830w, https:\/\/seehaus-ahrenshoop.de\/wp-content\/uploads\/2021\/01\/u-230x110.jpg 230w, https:\/\/seehaus-ahrenshoop.de\/wp-content\/uploads\/2021\/01\/u-350x168.jpg 350w, https:\/\/seehaus-ahrenshoop.de\/wp-content\/uploads\/2021\/01\/u-480x230.jpg 480w, https:\/\/seehaus-ahrenshoop.de\/wp-content\/uploads\/2021\/01\/u.jpg 1448w\" sizes=\"(max-width: 1024px) 100vw, 1024px\" \/>\t\t\t\t\t\t\t\t\t\t\t<\/div>\n\t\t\t\t<\/div>\n\t\t\t\t<\/div>\n\t\t\t\t\t\t<\/div>\n\t\t\t\t\t<\/div>\n\t\t<\/div>\n\t\t\t\t\t\t\t\t<\/div>\n\t\t\t\t\t<\/div>\n\t\t<\/section>\n\t\t\t\t<section class=\"elementor-section elementor-top-section elementor-element elementor-element-ec6ee41 elementor-section-boxed elementor-section-height-default elementor-section-height-default\" data-id=\"ec6ee41\" data-element_type=\"section\">\n\t\t\t\t\t\t<div class=\"elementor-container elementor-column-gap-default\">\n\t\t\t\t\t\t\t<div class=\"elementor-row\">\n\t\t\t\t\t<div class=\"elementor-column elementor-col-100 elementor-top-column elementor-element elementor-element-e568935\" data-id=\"e568935\" data-element_type=\"column\">\n\t\t\t<div class=\"elementor-column-wrap elementor-element-populated\">\n\t\t\t\t\t\t\t<div class=\"elementor-widget-wrap\">\n\t\t\t\t\t\t<div class=\"elementor-element elementor-element-39aab26 elementor-widget elementor-widget-text-editor\" data-id=\"39aab26\" data-element_type=\"widget\" data-widget_type=\"text-editor.default\">\n\t\t\t\t<div class=\"elementor-widget-container\">\n\t\t\t\t\t<div class=\"elementor-text-editor elementor-clearfix\"><p class=\"p1\"><strong><span class=\"s1\">Ausstattung<br><\/span><\/strong><\/p>\n<p>Das Erdgeschoss:<br>helle Einbauk\u00fcche mit umlaufenden Fensterfronten, Esszimmer mit Galerie und Kaminofen, Wohnzimmer mit gem\u00fctlichem Sitzbereich, Loewe Fernseher. Ein Schlafzimmer (Doppelbett 160 cm) mit Blick in den Garten und angeschlossenem Bad mit Wanne und Raindance-Dusche. Weiteres kleines Badezimmer mit Raindance-Dusche. Hauswirtschaftsraum, Leseecke und Garderobe.<\/p>\n<p>Das Obergescho\u00df:<br>drei Schlafzimmer, davon eines mit Doppelbett (180 cm) und zwei Schlafzimmer mit Einzelbetten (120 cm und 100 cm)&nbsp;Schreibtischen, Kommoden, alle mit Blick ins Gr\u00fcne.<\/p>\n<p class=\"p4\"><span class=\"s1\">Bei reetgedeckten Ferienh\u00e4usern gilt absolutes Grillverbot. Im Seehaus sind Rauchen und Haustierhaltung leider nicht gestattet.<\/span><\/p><\/div>\n\t\t\t\t<\/div>\n\t\t\t\t<\/div>\n\t\t\t\t\t\t<\/div>\n\t\t\t\t\t<\/div>\n\t\t<\/div>\n\t\t\t\t\t\t\t\t<\/div>\n\t\t\t\t\t<\/div>\n\t\t<\/section>\n\t\t\t\t<section class=\"elementor-section elementor-top-section elementor-element elementor-element-80c02c8 elementor-section-boxed elementor-section-height-default elementor-section-height-default\" data-id=\"80c02c8\" data-element_type=\"section\">\n\t\t\t\t\t\t<div class=\"elementor-container elementor-column-gap-default\">\n\t\t\t\t\t\t\t<div class=\"elementor-row\">\n\t\t\t\t\t<div class=\"elementor-column elementor-col-100 elementor-top-column elementor-element elementor-element-f0f3239\" data-id=\"f0f3239\" data-element_type=\"column\">\n\t\t\t<div class=\"elementor-column-wrap elementor-element-populated\">\n\t\t\t\t\t\t\t<div class=\"elementor-widget-wrap\">\n\t\t\t\t\t\t<div class=\"elementor-element elementor-element-ad2f29b elementor-widget elementor-widget-heading\" data-id=\"ad2f29b\" data-element_type=\"widget\" data-widget_type=\"heading.default\">\n\t\t\t\t<div class=\"elementor-widget-container\">\n\t\t\t<h2 class=\"elementor-heading-title elementor-size-default\">Die Lage<\/h2>\t\t<\/div>\n\t\t\t\t<\/div>\n\t\t\t\t\t\t<\/div>\n\t\t\t\t\t<\/div>\n\t\t<\/div>\n\t\t\t\t\t\t\t\t<\/div>\n\t\t\t\t\t<\/div>\n\t\t<\/section>\n\t\t\t\t<section class=\"elementor-section elementor-top-section elementor-element elementor-element-49b3669 elementor-section-boxed elementor-section-height-default elementor-section-height-default\" data-id=\"49b3669\" data-element_type=\"section\">\n\t\t\t\t\t\t<div class=\"elementor-container elementor-column-gap-default\">\n\t\t\t\t\t\t\t<div class=\"elementor-row\">\n\t\t\t\t\t<div class=\"elementor-column elementor-col-100 elementor-top-column elementor-element elementor-element-c8e251f\" data-id=\"c8e251f\" data-element_type=\"column\">\n\t\t\t<div class=\"elementor-column-wrap elementor-element-populated\">\n\t\t\t\t\t\t\t<div class=\"elementor-widget-wrap\">\n\t\t\t\t\t\t<div class=\"elementor-element elementor-element-0761980 elementor-widget elementor-widget-image\" data-id=\"0761980\" data-element_type=\"widget\" data-widget_type=\"image.default\">\n\t\t\t\t<div class=\"elementor-widget-container\">\n\t\t\t\t\t<div class=\"elementor-image\">\n\t\t\t\t\t\t\t\t\t\t<img width=\"1024\" height=\"532\" src=\"https:\/\/seehaus-ahrenshoop.de\/wp-content\/uploads\/2023\/08\/lage-1024x532.jpg\" class=\"attachment-large size-large\" alt=\"\" loading=\"lazy\" srcset=\"https:\/\/seehaus-ahrenshoop.de\/wp-content\/uploads\/2023\/08\/lage-1024x532.jpg 1024w, https:\/\/seehaus-ahrenshoop.de\/wp-content\/uploads\/2023\/08\/lage-300x156.jpg 300w, https:\/\/seehaus-ahrenshoop.de\/wp-content\/uploads\/2023\/08\/lage-768x399.jpg 768w, https:\/\/seehaus-ahrenshoop.de\/wp-content\/uploads\/2023\/08\/lage-1536x798.jpg 1536w, https:\/\/seehaus-ahrenshoop.de\/wp-content\/uploads\/2023\/08\/lage-830x431.jpg 830w, https:\/\/seehaus-ahrenshoop.de\/wp-content\/uploads\/2023\/08\/lage-230x120.jpg 230w, https:\/\/seehaus-ahrenshoop.de\/wp-content\/uploads\/2023\/08\/lage-350x182.jpg 350w, https:\/\/seehaus-ahrenshoop.de\/wp-content\/uploads\/2023\/08\/lage-480x250.jpg 480w, https:\/\/seehaus-ahrenshoop.de\/wp-content\/uploads\/2023\/08\/lage.jpg 1916w\" sizes=\"(max-width: 1024px) 100vw, 1024px\" \/>\t\t\t\t\t\t\t\t\t\t\t<\/div>\n\t\t\t\t<\/div>\n\t\t\t\t<\/div>\n\t\t\t\t\t\t<\/div>\n\t\t\t\t\t<\/div>\n\t\t<\/div>\n\t\t\t\t\t\t\t\t<\/div>\n\t\t\t\t\t<\/div>\n\t\t<\/section>\n\t\t\t\t<section class=\"elementor-section elementor-top-section elementor-element elementor-element-9c54fe6 elementor-section-boxed elementor-section-height-default elementor-section-height-default\" data-id=\"9c54fe6\" data-element_type=\"section\">\n\t\t\t\t\t\t<div class=\"elementor-container elementor-column-gap-default\">\n\t\t\t\t\t\t\t<div class=\"elementor-row\">\n\t\t\t\t\t<div class=\"elementor-column elementor-col-100 elementor-top-column elementor-element elementor-element-4310186\" data-id=\"4310186\" data-element_type=\"column\">\n\t\t\t<div class=\"elementor-column-wrap elementor-element-populated\">\n\t\t\t\t\t\t\t<div class=\"elementor-widget-wrap\">\n\t\t\t\t\t\t<div class=\"elementor-element elementor-element-6dc8a96 elementor-widget elementor-widget-image\" data-id=\"6dc8a96\" data-element_type=\"widget\" data-widget_type=\"image.default\">\n\t\t\t\t<div class=\"elementor-widget-container\">\n\t\t\t\t\t<div class=\"elementor-image\">\n\t\t\t\t\t\t\t\t\t\t<img width=\"1536\" height=\"841\" src=\"https:\/\/seehaus-ahrenshoop.de\/wp-content\/uploads\/2023\/08\/haus-1536x841.jpg\" class=\"attachment-1536x1536 size-1536x1536\" alt=\"\" loading=\"lazy\" srcset=\"https:\/\/seehaus-ahrenshoop.de\/wp-content\/uploads\/2023\/08\/haus-1536x841.jpg 1536w, https:\/\/seehaus-ahrenshoop.de\/wp-content\/uploads\/2023\/08\/haus-300x164.jpg 300w, https:\/\/seehaus-ahrenshoop.de\/wp-content\/uploads\/2023\/08\/haus-1024x561.jpg 1024w, https:\/\/seehaus-ahrenshoop.de\/wp-content\/uploads\/2023\/08\/haus-768x420.jpg 768w, https:\/\/seehaus-ahrenshoop.de\/wp-content\/uploads\/2023\/08\/haus-2048x1121.jpg 2048w, https:\/\/seehaus-ahrenshoop.de\/wp-content\/uploads\/2023\/08\/haus-830x454.jpg 830w, https:\/\/seehaus-ahrenshoop.de\/wp-content\/uploads\/2023\/08\/haus-230x126.jpg 230w, https:\/\/seehaus-ahrenshoop.de\/wp-content\/uploads\/2023\/08\/haus-350x192.jpg 350w, https:\/\/seehaus-ahrenshoop.de\/wp-content\/uploads\/2023\/08\/haus-480x263.jpg 480w\" sizes=\"(max-width: 1536px) 100vw, 1536px\" \/>\t\t\t\t\t\t\t\t\t\t\t<\/div>\n\t\t\t\t<\/div>\n\t\t\t\t<\/div>\n\t\t\t\t\t\t<\/div>\n\t\t\t\t\t<\/div>\n\t\t<\/div>\n\t\t\t\t\t\t\t\t<\/div>\n\t\t\t\t\t<\/div>\n\t\t<\/section>\n\t\t\t\t<section class=\"elementor-section elementor-top-section elementor-element elementor-element-41d2373 elementor-section-boxed elementor-section-height-default elementor-section-height-default\" data-id=\"41d2373\" data-element_type=\"section\">\n\t\t\t\t\t\t<div class=\"elementor-container elementor-column-gap-default\">\n\t\t\t\t\t\t\t<div class=\"elementor-row\">\n\t\t\t\t\t<div class=\"elementor-column elementor-col-100 elementor-top-column elementor-element elementor-element-7a204c9\" data-id=\"7a204c9\" data-element_type=\"column\">\n\t\t\t<div class=\"elementor-column-wrap elementor-element-populated\">\n\t\t\t\t\t\t\t<div class=\"elementor-widget-wrap\">\n\t\t\t\t\t\t<div class=\"elementor-element elementor-element-24942e3 elementor-widget elementor-widget-text-editor\" data-id=\"24942e3\" data-element_type=\"widget\" data-widget_type=\"text-editor.default\">\n\t\t\t\t<div class=\"elementor-widget-container\">\n\t\t\t\t\t<div class=\"elementor-text-editor elementor-clearfix\"><p class=\"p1\"><span class=\"s1\"><b>Das Seehaus<\/b> liegt in absolut ruhiger Ortslage an weiten Feldern in unmittelbarer Ostseen\u00e4he \u2013 nur eine Minute zum Strand und ist der ideale Ausgangspunkt f\u00fcr zahlreiche Aktivit\u00e4ten.<\/span><\/p><p class=\"p2\"><span class=\"s2\"><b>Wissenswertes<br \/><\/b>Die Halbinsel Fischland-Dar\u00df-Zingst\u00a0an der Ostseek\u00fcste besitzt eine der sch\u00f6nsten und abwechslungsreichsten K\u00fcstenlandschaften in der Ostseeregion.<br \/>Unter einem endlosen Himmel vereinen sich unglaubliche, kilometerlange, wei\u00dfe und steinlose Sandstr\u00e4nde mit tiefen W\u00e4ldern sowie weiten Wiesenlandschaften zwischen den Wasserfl\u00e4chen von Ostsee und Bodden.<\/span><span class=\"s1\"><br \/><\/span><span class=\"s2\">Als vor mehr als 100 Jahren der Maler Paul M\u00fcller-Kaempff den Ort Ahrenshoop das erste Mal sah und f\u00fcr sich entdeckte, war er tief beeindruckt von der Unber\u00fchrtheit und Sch\u00f6nheit des Fischlandes und der Natur zwischen Meer und Bodden.<br \/>Waren es zun\u00e4chst Maler, die hier mit ihren Sch\u00fclerinnen vor der Naturkulisse des Ortes arbeiteten, kamen Besucher und schon bald erste Badeg\u00e4ste hinzu. Aus der Malerkolonie entwickelte sich in den folgenden Jahrzehnten ein K\u00fcnstlerort mit besonderer Ausstrahlung, der sich sein charaktervolles Antlitz bewahren konnte.<\/span><\/p><\/div>\n\t\t\t\t<\/div>\n\t\t\t\t<\/div>\n\t\t\t\t\t\t<\/div>\n\t\t\t\t\t<\/div>\n\t\t<\/div>\n\t\t\t\t\t\t\t\t<\/div>\n\t\t\t\t\t<\/div>\n\t\t<\/section>\n\t\t\t\t\t\t<\/div>\n\t\t\t\t\t\t<\/div>\n\t\t\t\t\t<\/div>\n\t\t","protected":false},"excerpt":{"rendered":"<p>Im Zeitraum 11.4.26 bis 19.4.26 gilt das Angebot 8 N\u00e4chte zum Preis von 7, bzw. 7 f\u00fcr 6! Das Haus Traditionen im Wandel Wir hei\u00dfen Sie herzlich willkommen im Seehaus, ein reetgedecktes Haus,\u00ad erbaut in den 50er Jahren, behutsam renoviert, ausgestattet mit Wohnklassikern, die ebenso sch\u00f6n wie unaufdringlich zum Verweilen einladen. Eine Minute vom Strand [&hellip;]<\/p>\n","protected":false},"author":1,"featured_media":0,"parent":0,"menu_order":0,"comment_status":"closed","ping_status":"closed","template":"elementor_header_footer","meta":[],"_links":{"self":[{"href":"https:\/\/seehaus-ahrenshoop.de\/das-haus\/wp-json\/wp\/v2\/pages\/24"}],"collection":[{"href":"https:\/\/seehaus-ahrenshoop.de\/das-haus\/wp-json\/wp\/v2\/pages"}],"about":[{"href":"https:\/\/seehaus-ahrenshoop.de\/das-haus\/wp-json\/wp\/v2\/types\/page"}],"author":[{"embeddable":true,"href":"https:\/\/seehaus-ahrenshoop.de\/das-haus\/wp-json\/wp\/v2\/users\/1"}],"replies":[{"embeddable":true,"href":"https:\/\/seehaus-ahrenshoop.de\/das-haus\/wp-json\/wp\/v2\/comments?post=24"}],"version-history":[{"count":346,"href":"https:\/\/seehaus-ahrenshoop.de\/das-haus\/wp-json\/wp\/v2\/pages\/24\/revisions"}],"predecessor-version":[{"id":1762,"href":"https:\/\/seehaus-ahrenshoop.de\/das-haus\/wp-json\/wp\/v2\/pages\/24\/revisions\/1762"}],"wp:attachment":[{"href":"https:\/\/seehaus-ahrenshoop.de\/das-haus\/wp-json\/wp\/v2\/media?parent=24"}],"curies":[{"name":"wp","href":"https:\/\/api.w.org\/{rel}","templated":true}]}}