{"id":324,"date":"2021-01-25T18:47:16","date_gmt":"2021-01-25T18:47:16","guid":{"rendered":"http:\/\/secure-seehaus.de\/?page_id=324"},"modified":"2026-03-30T10:34:45","modified_gmt":"2026-03-30T10:34:45","slug":"aktivitaeten","status":"publish","type":"page","link":"https:\/\/seehaus-ahrenshoop.de\/das-haus\/aktivitaeten\/","title":{"rendered":"Aktivit\u00e4ten"},"content":{"rendered":"\t\t<div data-elementor-type=\"wp-page\" data-elementor-id=\"324\" class=\"elementor elementor-324\" data-elementor-settings=\"[]\">\n\t\t\t\t\t\t<div class=\"elementor-inner\">\n\t\t\t\t\t\t\t<div class=\"elementor-section-wrap\">\n\t\t\t\t\t\t\t<section class=\"elementor-section elementor-top-section elementor-element elementor-element-3a0b1c8 elementor-section-boxed elementor-section-height-default elementor-section-height-default\" data-id=\"3a0b1c8\" data-element_type=\"section\">\n\t\t\t\t\t\t<div class=\"elementor-container elementor-column-gap-default\">\n\t\t\t\t\t\t\t<div class=\"elementor-row\">\n\t\t\t\t\t<div class=\"elementor-column elementor-col-100 elementor-top-column elementor-element elementor-element-af1ddb6\" data-id=\"af1ddb6\" data-element_type=\"column\">\n\t\t\t<div class=\"elementor-column-wrap elementor-element-populated\">\n\t\t\t\t\t\t\t<div class=\"elementor-widget-wrap\">\n\t\t\t\t\t\t<div class=\"elementor-element elementor-element-b1c8633 elementor-widget elementor-widget-text-editor\" data-id=\"b1c8633\" data-element_type=\"widget\" data-widget_type=\"text-editor.default\">\n\t\t\t\t<div class=\"elementor-widget-container\">\n\t\t\t\t\t<div class=\"elementor-text-editor elementor-clearfix\"><p><strong>Im Zeitraum 11.4.26 bis 19.4.26 gilt das Angebot 8 N\u00e4chte zum Preis von 7, bzw. 7 f\u00fcr 6!<\/strong><\/p><\/div>\n\t\t\t\t<\/div>\n\t\t\t\t<\/div>\n\t\t\t\t\t\t<\/div>\n\t\t\t\t\t<\/div>\n\t\t<\/div>\n\t\t\t\t\t\t\t\t<\/div>\n\t\t\t\t\t<\/div>\n\t\t<\/section>\n\t\t\t\t<section class=\"elementor-section elementor-top-section elementor-element elementor-element-785165f elementor-section-boxed elementor-section-height-default elementor-section-height-default\" data-id=\"785165f\" data-element_type=\"section\">\n\t\t\t\t\t\t<div class=\"elementor-container elementor-column-gap-default\">\n\t\t\t\t\t\t\t<div class=\"elementor-row\">\n\t\t\t\t\t<div class=\"elementor-column elementor-col-100 elementor-top-column elementor-element elementor-element-b92626e\" data-id=\"b92626e\" data-element_type=\"column\">\n\t\t\t<div class=\"elementor-column-wrap elementor-element-populated\">\n\t\t\t\t\t\t\t<div class=\"elementor-widget-wrap\">\n\t\t\t\t\t\t<div class=\"elementor-element elementor-element-55478b2 elementor-widget elementor-widget-heading\" data-id=\"55478b2\" data-element_type=\"widget\" data-widget_type=\"heading.default\">\n\t\t\t\t<div class=\"elementor-widget-container\">\n\t\t\t<h3 class=\"elementor-heading-title elementor-size-default\">Aktivit\u00e4ten<\/h3>\t\t<\/div>\n\t\t\t\t<\/div>\n\t\t\t\t\t\t<\/div>\n\t\t\t\t\t<\/div>\n\t\t<\/div>\n\t\t\t\t\t\t\t\t<\/div>\n\t\t\t\t\t<\/div>\n\t\t<\/section>\n\t\t\t\t<section class=\"elementor-section elementor-top-section elementor-element elementor-element-695277f elementor-section-boxed elementor-section-height-default elementor-section-height-default\" data-id=\"695277f\" data-element_type=\"section\">\n\t\t\t\t\t\t<div class=\"elementor-container elementor-column-gap-default\">\n\t\t\t\t\t\t\t<div class=\"elementor-row\">\n\t\t\t\t\t<div class=\"elementor-column elementor-col-100 elementor-top-column elementor-element elementor-element-6bd849e\" data-id=\"6bd849e\" data-element_type=\"column\">\n\t\t\t<div class=\"elementor-column-wrap elementor-element-populated\">\n\t\t\t\t\t\t\t<div class=\"elementor-widget-wrap\">\n\t\t\t\t\t\t<div class=\"elementor-element elementor-element-74a17ce elementor-widget elementor-widget-image\" data-id=\"74a17ce\" data-element_type=\"widget\" data-widget_type=\"image.default\">\n\t\t\t\t<div class=\"elementor-widget-container\">\n\t\t\t\t\t<div class=\"elementor-image\">\n\t\t\t\t\t\t\t\t\t\t<img width=\"1024\" height=\"490\" src=\"https:\/\/seehaus-ahrenshoop.de\/wp-content\/uploads\/2021\/01\/aktivit-1024x490.jpg\" class=\"attachment-large size-large\" alt=\"\" loading=\"lazy\" srcset=\"https:\/\/seehaus-ahrenshoop.de\/wp-content\/uploads\/2021\/01\/aktivit-1024x490.jpg 1024w, https:\/\/seehaus-ahrenshoop.de\/wp-content\/uploads\/2021\/01\/aktivit-300x144.jpg 300w, https:\/\/seehaus-ahrenshoop.de\/wp-content\/uploads\/2021\/01\/aktivit-768x368.jpg 768w, https:\/\/seehaus-ahrenshoop.de\/wp-content\/uploads\/2021\/01\/aktivit-830x397.jpg 830w, https:\/\/seehaus-ahrenshoop.de\/wp-content\/uploads\/2021\/01\/aktivit-230x110.jpg 230w, https:\/\/seehaus-ahrenshoop.de\/wp-content\/uploads\/2021\/01\/aktivit-350x168.jpg 350w, https:\/\/seehaus-ahrenshoop.de\/wp-content\/uploads\/2021\/01\/aktivit-480x230.jpg 480w, https:\/\/seehaus-ahrenshoop.de\/wp-content\/uploads\/2021\/01\/aktivit.jpg 1448w\" sizes=\"(max-width: 1024px) 100vw, 1024px\" \/>\t\t\t\t\t\t\t\t\t\t\t<\/div>\n\t\t\t\t<\/div>\n\t\t\t\t<\/div>\n\t\t\t\t\t\t<\/div>\n\t\t\t\t\t<\/div>\n\t\t<\/div>\n\t\t\t\t\t\t\t\t<\/div>\n\t\t\t\t\t<\/div>\n\t\t<\/section>\n\t\t\t\t<section class=\"elementor-section elementor-top-section elementor-element elementor-element-73e096a elementor-section-boxed elementor-section-height-default elementor-section-height-default\" data-id=\"73e096a\" data-element_type=\"section\">\n\t\t\t\t\t\t<div class=\"elementor-container elementor-column-gap-default\">\n\t\t\t\t\t\t\t<div class=\"elementor-row\">\n\t\t\t\t\t<div class=\"elementor-column elementor-col-100 elementor-top-column elementor-element elementor-element-f97fc7d\" data-id=\"f97fc7d\" data-element_type=\"column\">\n\t\t\t<div class=\"elementor-column-wrap elementor-element-populated\">\n\t\t\t\t\t\t\t<div class=\"elementor-widget-wrap\">\n\t\t\t\t\t\t<div class=\"elementor-element elementor-element-c007f49 elementor-widget elementor-widget-text-editor\" data-id=\"c007f49\" data-element_type=\"widget\" data-widget_type=\"text-editor.default\">\n\t\t\t\t<div class=\"elementor-widget-container\">\n\t\t\t\t\t<div class=\"elementor-text-editor elementor-clearfix\"><p class=\"p1\"><span class=\"s1\">Die K\u00fcnstlerkolonie Ahrenshoop auf dem Dar\u00df ist genauso der ideale Platz f\u00fcr einen Strandurlaub wie f\u00fcr sch\u00f6ne Ausfl\u00fcge in die Natur oder in die nahen alten Hansest\u00e4dte Rostock oder Stralsund. Sie k\u00f6nnen viele sportliche Aktivit\u00e4ten direkt vom Haus aus beginnen. Aber Sie k\u00f6nnen auch einfach den Garten genie\u00dfen oder ruhig auf der Terrasse im Schatten sitzen. Die M\u00f6glichkeiten sind schier unbegrenzt. Hier sollte jeder gl\u00fccklich werden.<\/span><\/p><\/div>\n\t\t\t\t<\/div>\n\t\t\t\t<\/div>\n\t\t\t\t\t\t<\/div>\n\t\t\t\t\t<\/div>\n\t\t<\/div>\n\t\t\t\t\t\t\t\t<\/div>\n\t\t\t\t\t<\/div>\n\t\t<\/section>\n\t\t\t\t<section class=\"elementor-section elementor-top-section elementor-element elementor-element-2e71655 elementor-section-boxed elementor-section-height-default elementor-section-height-default\" data-id=\"2e71655\" data-element_type=\"section\">\n\t\t\t\t\t\t<div class=\"elementor-container elementor-column-gap-default\">\n\t\t\t\t\t\t\t<div class=\"elementor-row\">\n\t\t\t\t\t<div class=\"elementor-column elementor-col-100 elementor-top-column elementor-element elementor-element-97b5b9b\" data-id=\"97b5b9b\" data-element_type=\"column\">\n\t\t\t<div class=\"elementor-column-wrap elementor-element-populated\">\n\t\t\t\t\t\t\t<div class=\"elementor-widget-wrap\">\n\t\t\t\t\t\t<div class=\"elementor-element elementor-element-f4f22c9 elementor-widget elementor-widget-text-editor\" data-id=\"f4f22c9\" data-element_type=\"widget\" data-widget_type=\"text-editor.default\">\n\t\t\t\t<div class=\"elementor-widget-container\">\n\t\t\t\t\t<div class=\"elementor-text-editor elementor-clearfix\"><p>STRAND<\/p><\/div>\n\t\t\t\t<\/div>\n\t\t\t\t<\/div>\n\t\t\t\t\t\t<\/div>\n\t\t\t\t\t<\/div>\n\t\t<\/div>\n\t\t\t\t\t\t\t\t<\/div>\n\t\t\t\t\t<\/div>\n\t\t<\/section>\n\t\t\t\t<section class=\"elementor-section elementor-top-section elementor-element elementor-element-ce6d40f elementor-section-boxed elementor-section-height-default elementor-section-height-default\" data-id=\"ce6d40f\" data-element_type=\"section\">\n\t\t\t\t\t\t<div class=\"elementor-container elementor-column-gap-default\">\n\t\t\t\t\t\t\t<div class=\"elementor-row\">\n\t\t\t\t\t<div class=\"elementor-column elementor-col-100 elementor-top-column elementor-element elementor-element-4c681ce\" data-id=\"4c681ce\" data-element_type=\"column\">\n\t\t\t<div class=\"elementor-column-wrap elementor-element-populated\">\n\t\t\t\t\t\t\t<div class=\"elementor-widget-wrap\">\n\t\t\t\t\t\t<div class=\"elementor-element elementor-element-b43c1a6 elementor-widget elementor-widget-text-editor\" data-id=\"b43c1a6\" data-element_type=\"widget\" data-widget_type=\"text-editor.default\">\n\t\t\t\t<div class=\"elementor-widget-container\">\n\t\t\t\t\t<div class=\"elementor-text-editor elementor-clearfix\"><p class=\"p1\"><span class=\"s1\">Strand, Wellen und nur die Natur. Der Sandstrand ist nur wenige Meter vom Haus entfernt, wer m\u00f6chte kann einen Strandkorb mieten und den Blick aufs Wasser schweifen lassen.<\/span><span class=\"s2\">Die K\u00fcste mit ihrem feinen, wei\u00dfen Sand ist einzigartig. <\/span><span class=\"s3\">Der ca. 13 km lange\u00a0Weststrand\u00a0der Ostseehalbinsel Dar\u00df bietet besondere urw\u00fcchsige Reize. Er wurde zu den 20\u00a0sch\u00f6nsten Str\u00e4nden der Welt\u00a0gek\u00fcrt.<\/span><\/p><\/div>\n\t\t\t\t<\/div>\n\t\t\t\t<\/div>\n\t\t\t\t\t\t<\/div>\n\t\t\t\t\t<\/div>\n\t\t<\/div>\n\t\t\t\t\t\t\t\t<\/div>\n\t\t\t\t\t<\/div>\n\t\t<\/section>\n\t\t\t\t<section class=\"elementor-section elementor-top-section elementor-element elementor-element-a1515cb elementor-section-boxed elementor-section-height-default elementor-section-height-default\" data-id=\"a1515cb\" data-element_type=\"section\">\n\t\t\t\t\t\t<div class=\"elementor-container elementor-column-gap-default\">\n\t\t\t\t\t\t\t<div class=\"elementor-row\">\n\t\t\t\t\t<div class=\"elementor-column elementor-col-100 elementor-top-column elementor-element elementor-element-44df16a\" data-id=\"44df16a\" data-element_type=\"column\">\n\t\t\t<div class=\"elementor-column-wrap elementor-element-populated\">\n\t\t\t\t\t\t\t<div class=\"elementor-widget-wrap\">\n\t\t\t\t\t\t<div class=\"elementor-element elementor-element-6c91d71 elementor-widget elementor-widget-text-editor\" data-id=\"6c91d71\" data-element_type=\"widget\" data-widget_type=\"text-editor.default\">\n\t\t\t\t<div class=\"elementor-widget-container\">\n\t\t\t\t\t<div class=\"elementor-text-editor elementor-clearfix\"><p>RADFAHREN<\/p><\/div>\n\t\t\t\t<\/div>\n\t\t\t\t<\/div>\n\t\t\t\t\t\t<\/div>\n\t\t\t\t\t<\/div>\n\t\t<\/div>\n\t\t\t\t\t\t\t\t<\/div>\n\t\t\t\t\t<\/div>\n\t\t<\/section>\n\t\t\t\t<section class=\"elementor-section elementor-top-section elementor-element elementor-element-004ec90 elementor-section-boxed elementor-section-height-default elementor-section-height-default\" data-id=\"004ec90\" data-element_type=\"section\">\n\t\t\t\t\t\t<div class=\"elementor-container elementor-column-gap-default\">\n\t\t\t\t\t\t\t<div class=\"elementor-row\">\n\t\t\t\t\t<div class=\"elementor-column elementor-col-100 elementor-top-column elementor-element elementor-element-d5ad960\" data-id=\"d5ad960\" data-element_type=\"column\">\n\t\t\t<div class=\"elementor-column-wrap elementor-element-populated\">\n\t\t\t\t\t\t\t<div class=\"elementor-widget-wrap\">\n\t\t\t\t\t\t<div class=\"elementor-element elementor-element-bdec3ad elementor-widget elementor-widget-text-editor\" data-id=\"bdec3ad\" data-element_type=\"widget\" data-widget_type=\"text-editor.default\">\n\t\t\t\t<div class=\"elementor-widget-container\">\n\t\t\t\t\t<div class=\"elementor-text-editor elementor-clearfix\"><p class=\"p1\"><span class=\"s1\">F\u00fcr Radfahrer ist die Umgebung des Dar\u00dfer Nationalparks einfach traumhaft. Sie k\u00f6nnen an den Weststrand zum Baden oder zum Leuchtturm Dar\u00dfer Ort fahren. Oder nachWustrow oder Born oder Sie umrunden den Bodden. Das Netz an Radwegen ist sehr gut ausgebaut und wirklich umfangreich.<\/span><\/p><\/div>\n\t\t\t\t<\/div>\n\t\t\t\t<\/div>\n\t\t\t\t\t\t<\/div>\n\t\t\t\t\t<\/div>\n\t\t<\/div>\n\t\t\t\t\t\t\t\t<\/div>\n\t\t\t\t\t<\/div>\n\t\t<\/section>\n\t\t\t\t<section class=\"elementor-section elementor-top-section elementor-element elementor-element-fa08aab elementor-section-boxed elementor-section-height-default elementor-section-height-default\" data-id=\"fa08aab\" data-element_type=\"section\">\n\t\t\t\t\t\t<div class=\"elementor-container elementor-column-gap-default\">\n\t\t\t\t\t\t\t<div class=\"elementor-row\">\n\t\t\t\t\t<div class=\"elementor-column elementor-col-100 elementor-top-column elementor-element elementor-element-e5b8437\" data-id=\"e5b8437\" data-element_type=\"column\">\n\t\t\t<div class=\"elementor-column-wrap elementor-element-populated\">\n\t\t\t\t\t\t\t<div class=\"elementor-widget-wrap\">\n\t\t\t\t\t\t<div class=\"elementor-element elementor-element-1361601 elementor-widget elementor-widget-text-editor\" data-id=\"1361601\" data-element_type=\"widget\" data-widget_type=\"text-editor.default\">\n\t\t\t\t<div class=\"elementor-widget-container\">\n\t\t\t\t\t<div class=\"elementor-text-editor elementor-clearfix\"><p>WALD<\/p><\/div>\n\t\t\t\t<\/div>\n\t\t\t\t<\/div>\n\t\t\t\t\t\t<\/div>\n\t\t\t\t\t<\/div>\n\t\t<\/div>\n\t\t\t\t\t\t\t\t<\/div>\n\t\t\t\t\t<\/div>\n\t\t<\/section>\n\t\t\t\t<section class=\"elementor-section elementor-top-section elementor-element elementor-element-7a5e338 elementor-section-boxed elementor-section-height-default elementor-section-height-default\" data-id=\"7a5e338\" data-element_type=\"section\">\n\t\t\t\t\t\t<div class=\"elementor-container elementor-column-gap-default\">\n\t\t\t\t\t\t\t<div class=\"elementor-row\">\n\t\t\t\t\t<div class=\"elementor-column elementor-col-100 elementor-top-column elementor-element elementor-element-507ab6c\" data-id=\"507ab6c\" data-element_type=\"column\">\n\t\t\t<div class=\"elementor-column-wrap elementor-element-populated\">\n\t\t\t\t\t\t\t<div class=\"elementor-widget-wrap\">\n\t\t\t\t\t\t<div class=\"elementor-element elementor-element-b72aeb3 elementor-widget elementor-widget-text-editor\" data-id=\"b72aeb3\" data-element_type=\"widget\" data-widget_type=\"text-editor.default\">\n\t\t\t\t<div class=\"elementor-widget-container\">\n\t\t\t\t\t<div class=\"elementor-text-editor elementor-clearfix\"><p class=\"p1\"><span class=\"s1\">Der wilde Dar\u00dfer Wald geh\u00f6rt zum Nationalpark Vorpommersche Boddenlandschaft, dem gr\u00f6\u00dften Naturschutzgebiet an der deutschen Ostseek\u00fcste. Er ist ein nat\u00fcrlicher Wald, der seit 1990 unter Naturschutz steht und nicht mehr bewirtschaftet wird. Hier k\u00f6nnen Sie den Wald genie\u00dfen und erleben. Auf \u00fcber drei\u00dfig Wegen k\u00f6nnen Sie den Wald durchwandern, mit dem Rad durchqueren und immer wieder innehalten. Natur sp\u00fcren, wirken lassen.<\/span><\/p><\/div>\n\t\t\t\t<\/div>\n\t\t\t\t<\/div>\n\t\t\t\t\t\t<\/div>\n\t\t\t\t\t<\/div>\n\t\t<\/div>\n\t\t\t\t\t\t\t\t<\/div>\n\t\t\t\t\t<\/div>\n\t\t<\/section>\n\t\t\t\t<section class=\"elementor-section elementor-top-section elementor-element elementor-element-c9816c5 elementor-section-boxed elementor-section-height-default elementor-section-height-default\" data-id=\"c9816c5\" data-element_type=\"section\">\n\t\t\t\t\t\t<div class=\"elementor-container elementor-column-gap-default\">\n\t\t\t\t\t\t\t<div class=\"elementor-row\">\n\t\t\t\t\t<div class=\"elementor-column elementor-col-100 elementor-top-column elementor-element elementor-element-fa5ebab\" data-id=\"fa5ebab\" data-element_type=\"column\">\n\t\t\t<div class=\"elementor-column-wrap elementor-element-populated\">\n\t\t\t\t\t\t\t<div class=\"elementor-widget-wrap\">\n\t\t\t\t\t\t<div class=\"elementor-element elementor-element-3369811 elementor-widget elementor-widget-text-editor\" data-id=\"3369811\" data-element_type=\"widget\" data-widget_type=\"text-editor.default\">\n\t\t\t\t<div class=\"elementor-widget-container\">\n\t\t\t\t\t<div class=\"elementor-text-editor elementor-clearfix\"><p>BODDEN<\/p><\/div>\n\t\t\t\t<\/div>\n\t\t\t\t<\/div>\n\t\t\t\t\t\t<\/div>\n\t\t\t\t\t<\/div>\n\t\t<\/div>\n\t\t\t\t\t\t\t\t<\/div>\n\t\t\t\t\t<\/div>\n\t\t<\/section>\n\t\t\t\t<section class=\"elementor-section elementor-top-section elementor-element elementor-element-136c064 elementor-section-boxed elementor-section-height-default elementor-section-height-default\" data-id=\"136c064\" data-element_type=\"section\">\n\t\t\t\t\t\t<div class=\"elementor-container elementor-column-gap-default\">\n\t\t\t\t\t\t\t<div class=\"elementor-row\">\n\t\t\t\t\t<div class=\"elementor-column elementor-col-100 elementor-top-column elementor-element elementor-element-43552d3\" data-id=\"43552d3\" data-element_type=\"column\">\n\t\t\t<div class=\"elementor-column-wrap elementor-element-populated\">\n\t\t\t\t\t\t\t<div class=\"elementor-widget-wrap\">\n\t\t\t\t\t\t<div class=\"elementor-element elementor-element-bcdefbd elementor-widget elementor-widget-text-editor\" data-id=\"bcdefbd\" data-element_type=\"widget\" data-widget_type=\"text-editor.default\">\n\t\t\t\t<div class=\"elementor-widget-container\">\n\t\t\t\t\t<div class=\"elementor-text-editor elementor-clearfix\"><p class=\"p1\"><span class=\"s1\">Ahrenshoop liegt direkt auch am Bodden. Das Seehaus ist ca.<span class=\"Apple-converted-space\">\u00a0 <\/span>700 Meter vom Boddenhafen entfernt Mit dem Kanu oder Boot k\u00f6nnen Sie den Bodden erkunden und durch den fast immer vorhandenen Wind bietet der Bodden ein ideales Surf- und Kiterevier. Verschiedene Schulen in der Umgebung, zum Beispiel in Born und Wustrow bieten Kurse f\u00fcr Surfen oder Kiten an. Mit dem Zeesenboot, einem typischen historischen Fischerboot der vorpommerschen\u00a0Boddenlandschaft, k\u00f6nnen vom Ahrenshooper<span class=\"Apple-converted-space\">\u00a0 <\/span>Hafen aus Touren auf dem Bodden gebucht werden.<\/span><\/p><\/div>\n\t\t\t\t<\/div>\n\t\t\t\t<\/div>\n\t\t\t\t\t\t<\/div>\n\t\t\t\t\t<\/div>\n\t\t<\/div>\n\t\t\t\t\t\t\t\t<\/div>\n\t\t\t\t\t<\/div>\n\t\t<\/section>\n\t\t\t\t<section class=\"elementor-section elementor-top-section elementor-element elementor-element-c673b07 elementor-section-boxed elementor-section-height-default elementor-section-height-default\" data-id=\"c673b07\" data-element_type=\"section\">\n\t\t\t\t\t\t<div class=\"elementor-container elementor-column-gap-default\">\n\t\t\t\t\t\t\t<div class=\"elementor-row\">\n\t\t\t\t\t<div class=\"elementor-column elementor-col-100 elementor-top-column elementor-element elementor-element-5425d25\" data-id=\"5425d25\" data-element_type=\"column\">\n\t\t\t<div class=\"elementor-column-wrap elementor-element-populated\">\n\t\t\t\t\t\t\t<div class=\"elementor-widget-wrap\">\n\t\t\t\t\t\t<div class=\"elementor-element elementor-element-d2b3688 elementor-widget elementor-widget-text-editor\" data-id=\"d2b3688\" data-element_type=\"widget\" data-widget_type=\"text-editor.default\">\n\t\t\t\t<div class=\"elementor-widget-container\">\n\t\t\t\t\t<div class=\"elementor-text-editor elementor-clearfix\"><p>KULTUR\/MUSEUM<\/p><\/div>\n\t\t\t\t<\/div>\n\t\t\t\t<\/div>\n\t\t\t\t\t\t<\/div>\n\t\t\t\t\t<\/div>\n\t\t<\/div>\n\t\t\t\t\t\t\t\t<\/div>\n\t\t\t\t\t<\/div>\n\t\t<\/section>\n\t\t\t\t<section class=\"elementor-section elementor-top-section elementor-element elementor-element-aecd909 elementor-section-boxed elementor-section-height-default elementor-section-height-default\" data-id=\"aecd909\" data-element_type=\"section\">\n\t\t\t\t\t\t<div class=\"elementor-container elementor-column-gap-default\">\n\t\t\t\t\t\t\t<div class=\"elementor-row\">\n\t\t\t\t\t<div class=\"elementor-column elementor-col-100 elementor-top-column elementor-element elementor-element-c46d179\" data-id=\"c46d179\" data-element_type=\"column\">\n\t\t\t<div class=\"elementor-column-wrap elementor-element-populated\">\n\t\t\t\t\t\t\t<div class=\"elementor-widget-wrap\">\n\t\t\t\t\t\t<div class=\"elementor-element elementor-element-1f8c6ce elementor-widget elementor-widget-text-editor\" data-id=\"1f8c6ce\" data-element_type=\"widget\" data-widget_type=\"text-editor.default\">\n\t\t\t\t<div class=\"elementor-widget-container\">\n\t\t\t\t\t<div class=\"elementor-text-editor elementor-clearfix\"><p class=\"p1\"><span class=\"s1\">Das Kunstmuseum in Ahrenshoop bietet eine umfassende Sammlung lokaler K\u00fcnstler aus der damaligen K\u00fcnstlerkolonie, aber auch zeitgen\u00f6ssische Arbeiten. Eine wechselnde Ausstellung erg\u00e4nzt den Museumsbetrieb. Die moderne Architektur des Museums hat zu Recht viele Preise erhalten. Eine Vielzahl von Veranstaltungen wie beispielsweise \u201eDie Lange Nacht der Kunst\u201c und das \u201eJazzfest\u201c<span class=\"Apple-converted-space\">\u00a0 <\/span>runden das kulturelle Angebot ab. <\/span><\/p><p class=\"p1\"><span class=\"s1\">In den nahen Hansest\u00e4dten Rostock und Stralsund sind viele Sehensw\u00fcrdigkeiten zu besuchen. In Rostock k\u00f6nnen neben dem Hafen, der Innenstadt, vieler sehenswerter Kirchen auch der Zoo besucht werden. In Stralsund wartet neben der Altstadt das Ozeaneum auf Ihren Besuch. Ein klares Highlight unter den nahen Sehensw\u00fcrdigkeiten. Erwachsene und Kinder lieben es gleicherma\u00dfen<\/span><span class=\"s2\">.<\/span><\/p><\/div>\n\t\t\t\t<\/div>\n\t\t\t\t<\/div>\n\t\t\t\t\t\t<\/div>\n\t\t\t\t\t<\/div>\n\t\t<\/div>\n\t\t\t\t\t\t\t\t<\/div>\n\t\t\t\t\t<\/div>\n\t\t<\/section>\n\t\t\t\t\t\t<\/div>\n\t\t\t\t\t\t<\/div>\n\t\t\t\t\t<\/div>\n\t\t","protected":false},"excerpt":{"rendered":"<p>Im Zeitraum 11.4.26 bis 19.4.26 gilt das Angebot 8 N\u00e4chte zum Preis von 7, bzw. 7 f\u00fcr 6! Aktivit\u00e4ten Die K\u00fcnstlerkolonie Ahrenshoop auf dem Dar\u00df ist genauso der ideale Platz f\u00fcr einen Strandurlaub wie f\u00fcr sch\u00f6ne Ausfl\u00fcge in die Natur oder in die nahen alten Hansest\u00e4dte Rostock oder Stralsund. Sie k\u00f6nnen viele sportliche Aktivit\u00e4ten direkt [&hellip;]<\/p>\n","protected":false},"author":1,"featured_media":0,"parent":0,"menu_order":0,"comment_status":"closed","ping_status":"closed","template":"page-templates\/page_fullwidth.php","meta":[],"_links":{"self":[{"href":"https:\/\/seehaus-ahrenshoop.de\/das-haus\/wp-json\/wp\/v2\/pages\/324"}],"collection":[{"href":"https:\/\/seehaus-ahrenshoop.de\/das-haus\/wp-json\/wp\/v2\/pages"}],"about":[{"href":"https:\/\/seehaus-ahrenshoop.de\/das-haus\/wp-json\/wp\/v2\/types\/page"}],"author":[{"embeddable":true,"href":"https:\/\/seehaus-ahrenshoop.de\/das-haus\/wp-json\/wp\/v2\/users\/1"}],"replies":[{"embeddable":true,"href":"https:\/\/seehaus-ahrenshoop.de\/das-haus\/wp-json\/wp\/v2\/comments?post=324"}],"version-history":[{"count":91,"href":"https:\/\/seehaus-ahrenshoop.de\/das-haus\/wp-json\/wp\/v2\/pages\/324\/revisions"}],"predecessor-version":[{"id":1765,"href":"https:\/\/seehaus-ahrenshoop.de\/das-haus\/wp-json\/wp\/v2\/pages\/324\/revisions\/1765"}],"wp:attachment":[{"href":"https:\/\/seehaus-ahrenshoop.de\/das-haus\/wp-json\/wp\/v2\/media?parent=324"}],"curies":[{"name":"wp","href":"https:\/\/api.w.org\/{rel}","templated":true}]}}