{"id":41,"date":"2021-01-19T21:10:29","date_gmt":"2021-01-19T21:10:29","guid":{"rendered":"http:\/\/secure-seehaus.de\/?page_id=41"},"modified":"2026-03-30T11:04:09","modified_gmt":"2026-03-30T11:04:09","slug":"preise","status":"publish","type":"page","link":"https:\/\/seehaus-ahrenshoop.de\/das-haus\/preise\/","title":{"rendered":"Preise\/Anfrage"},"content":{"rendered":"\t\t<div data-elementor-type=\"wp-page\" data-elementor-id=\"41\" class=\"elementor elementor-41\" data-elementor-settings=\"[]\">\n\t\t\t\t\t\t<div class=\"elementor-inner\">\n\t\t\t\t\t\t\t<div class=\"elementor-section-wrap\">\n\t\t\t\t\t\t\t<section class=\"elementor-section elementor-top-section elementor-element elementor-element-9580d16 elementor-section-boxed elementor-section-height-default elementor-section-height-default\" data-id=\"9580d16\" data-element_type=\"section\">\n\t\t\t\t\t\t<div class=\"elementor-container elementor-column-gap-default\">\n\t\t\t\t\t\t\t<div class=\"elementor-row\">\n\t\t\t\t\t<div class=\"elementor-column elementor-col-100 elementor-top-column elementor-element elementor-element-0fc6b9f\" data-id=\"0fc6b9f\" data-element_type=\"column\">\n\t\t\t<div class=\"elementor-column-wrap elementor-element-populated\">\n\t\t\t\t\t\t\t<div class=\"elementor-widget-wrap\">\n\t\t\t\t\t\t<div class=\"elementor-element elementor-element-c6993d3 elementor-widget elementor-widget-text-editor\" data-id=\"c6993d3\" data-element_type=\"widget\" data-widget_type=\"text-editor.default\">\n\t\t\t\t<div class=\"elementor-widget-container\">\n\t\t\t\t\t<div class=\"elementor-text-editor elementor-clearfix\"><p><strong>Im Zeitraum 11.4.26 bis 19.4.26 gilt das Angebot 8 N\u00e4chte zum Preis von 7, bzw. 7 f\u00fcr 6!<\/strong><\/p><\/div>\n\t\t\t\t<\/div>\n\t\t\t\t<\/div>\n\t\t\t\t\t\t<\/div>\n\t\t\t\t\t<\/div>\n\t\t<\/div>\n\t\t\t\t\t\t\t\t<\/div>\n\t\t\t\t\t<\/div>\n\t\t<\/section>\n\t\t\t\t<section class=\"elementor-section elementor-top-section elementor-element elementor-element-0dde4ac elementor-section-boxed elementor-section-height-default elementor-section-height-default\" data-id=\"0dde4ac\" data-element_type=\"section\">\n\t\t\t\t\t\t<div class=\"elementor-container elementor-column-gap-default\">\n\t\t\t\t\t\t\t<div class=\"elementor-row\">\n\t\t\t\t\t<div class=\"elementor-column elementor-col-100 elementor-top-column elementor-element elementor-element-021c62c\" data-id=\"021c62c\" data-element_type=\"column\">\n\t\t\t<div class=\"elementor-column-wrap elementor-element-populated\">\n\t\t\t\t\t\t\t<div class=\"elementor-widget-wrap\">\n\t\t\t\t\t\t<div class=\"elementor-element elementor-element-5ba37ea elementor-widget elementor-widget-text-editor\" data-id=\"5ba37ea\" data-element_type=\"widget\" data-widget_type=\"text-editor.default\">\n\t\t\t\t<div class=\"elementor-widget-container\">\n\t\t\t\t\t<div class=\"elementor-text-editor elementor-clearfix\"><h3 class=\"elementor-heading-title elementor-size-default elementor-inline-editing pen\" data-elementor-setting-key=\"title\" data-pen-placeholder=\"Eingabe hier...\">Preise\/Anfrage<\/h3><\/div>\n\t\t\t\t<\/div>\n\t\t\t\t<\/div>\n\t\t\t\t\t\t<\/div>\n\t\t\t\t\t<\/div>\n\t\t<\/div>\n\t\t\t\t\t\t\t\t<\/div>\n\t\t\t\t\t<\/div>\n\t\t<\/section>\n\t\t\t\t<section class=\"elementor-section elementor-top-section elementor-element elementor-element-0a1a57a elementor-section-boxed elementor-section-height-default elementor-section-height-default\" data-id=\"0a1a57a\" data-element_type=\"section\">\n\t\t\t\t\t\t<div class=\"elementor-container elementor-column-gap-default\">\n\t\t\t\t\t\t\t<div class=\"elementor-row\">\n\t\t\t\t\t<div class=\"elementor-column elementor-col-100 elementor-top-column elementor-element elementor-element-6ce61c0\" data-id=\"6ce61c0\" data-element_type=\"column\">\n\t\t\t<div class=\"elementor-column-wrap elementor-element-populated\">\n\t\t\t\t\t\t\t<div class=\"elementor-widget-wrap\">\n\t\t\t\t\t\t<div class=\"elementor-element elementor-element-9de065f elementor-widget elementor-widget-image\" data-id=\"9de065f\" data-element_type=\"widget\" data-widget_type=\"image.default\">\n\t\t\t\t<div class=\"elementor-widget-container\">\n\t\t\t\t\t<div class=\"elementor-image\">\n\t\t\t\t\t\t\t\t\t\t<img width=\"1024\" height=\"571\" src=\"https:\/\/seehaus-ahrenshoop.de\/wp-content\/uploads\/2021\/02\/blau-1024x571.jpg\" class=\"attachment-large size-large\" alt=\"\" loading=\"lazy\" srcset=\"https:\/\/seehaus-ahrenshoop.de\/wp-content\/uploads\/2021\/02\/blau-1024x571.jpg 1024w, https:\/\/seehaus-ahrenshoop.de\/wp-content\/uploads\/2021\/02\/blau-300x167.jpg 300w, https:\/\/seehaus-ahrenshoop.de\/wp-content\/uploads\/2021\/02\/blau-768x429.jpg 768w, https:\/\/seehaus-ahrenshoop.de\/wp-content\/uploads\/2021\/02\/blau-830x463.jpg 830w, https:\/\/seehaus-ahrenshoop.de\/wp-content\/uploads\/2021\/02\/blau-230x128.jpg 230w, https:\/\/seehaus-ahrenshoop.de\/wp-content\/uploads\/2021\/02\/blau-350x195.jpg 350w, https:\/\/seehaus-ahrenshoop.de\/wp-content\/uploads\/2021\/02\/blau-480x268.jpg 480w, https:\/\/seehaus-ahrenshoop.de\/wp-content\/uploads\/2021\/02\/blau.jpg 1181w\" sizes=\"(max-width: 1024px) 100vw, 1024px\" \/>\t\t\t\t\t\t\t\t\t\t\t<\/div>\n\t\t\t\t<\/div>\n\t\t\t\t<\/div>\n\t\t\t\t\t\t<\/div>\n\t\t\t\t\t<\/div>\n\t\t<\/div>\n\t\t\t\t\t\t\t\t<\/div>\n\t\t\t\t\t<\/div>\n\t\t<\/section>\n\t\t\t\t<section class=\"elementor-section elementor-top-section elementor-element elementor-element-b1f6271 elementor-section-boxed elementor-section-height-default elementor-section-height-default\" data-id=\"b1f6271\" data-element_type=\"section\">\n\t\t\t\t\t\t<div class=\"elementor-container elementor-column-gap-default\">\n\t\t\t\t\t\t\t<div class=\"elementor-row\">\n\t\t\t\t\t<div class=\"elementor-column elementor-col-100 elementor-top-column elementor-element elementor-element-d68bd61\" data-id=\"d68bd61\" data-element_type=\"column\">\n\t\t\t<div class=\"elementor-column-wrap elementor-element-populated\">\n\t\t\t\t\t\t\t<div class=\"elementor-widget-wrap\">\n\t\t\t\t\t\t<div class=\"elementor-element elementor-element-9d72abf elementor-widget elementor-widget-heading\" data-id=\"9d72abf\" data-element_type=\"widget\" data-widget_type=\"heading.default\">\n\t\t\t\t<div class=\"elementor-widget-container\">\n\t\t\t<h4 class=\"elementor-heading-title elementor-size-default\">Preise 2026\/2027 pro Nacht f\u00fcr eine Belegung von bis zu 4 Personen<\/h4>\t\t<\/div>\n\t\t\t\t<\/div>\n\t\t\t\t\t\t<\/div>\n\t\t\t\t\t<\/div>\n\t\t<\/div>\n\t\t\t\t\t\t\t\t<\/div>\n\t\t\t\t\t<\/div>\n\t\t<\/section>\n\t\t\t\t<section class=\"elementor-section elementor-top-section elementor-element elementor-element-63e72fd elementor-section-boxed elementor-section-height-default elementor-section-height-default\" data-id=\"63e72fd\" data-element_type=\"section\">\n\t\t\t\t\t\t<div class=\"elementor-container elementor-column-gap-default\">\n\t\t\t\t\t\t\t<div class=\"elementor-row\">\n\t\t\t\t\t<div class=\"elementor-column elementor-col-100 elementor-top-column elementor-element elementor-element-92313b8\" data-id=\"92313b8\" data-element_type=\"column\">\n\t\t\t<div class=\"elementor-column-wrap elementor-element-populated\">\n\t\t\t\t\t\t\t<div class=\"elementor-widget-wrap\">\n\t\t\t\t\t\t<div class=\"elementor-element elementor-element-b936cc9 elementor-widget elementor-widget-text-editor\" data-id=\"b936cc9\" data-element_type=\"widget\" data-widget_type=\"text-editor.default\">\n\t\t\t\t<div class=\"elementor-widget-container\">\n\t\t\t\t\t<div class=\"elementor-text-editor elementor-clearfix\"><div>\u00a0<\/div><div><div><p><strong><em>Hauptsaison plus:<\/em><\/strong><br \/>Reisezeiten 10.07.-23.08.26 &amp; 27.12.26-03.01.27 &amp; 10.07.-22.08.27:\u00a0 \u20ac 396<\/p><p><strong><em>Hauptsaison:<br \/><\/em><\/strong>Reisezeiten 14.05.-01.06.26 &amp; 15.06.-10.07.26 &amp; 23.08-15.09.26 &amp; 01.05.-17.05.27 &amp; 15.06.-10.07.27 &amp; 22.08.-15.09.27:\u00a0 \u20ac 386\u00a0<\/p><\/div><div><p class=\"p1\"><strong><em>Zwischensaison:<\/em><\/strong><br \/>Reisezeiten \u00a027.03.-14.05.26 &amp; 01.06-15.06.26 &amp; 15.09.-01.11.26 &amp; 20.12-27.12.26 &amp; 20.03-01.05.27 &amp; 17.05-15.06.27 &amp; 15.09.-01.11.27:\u00a0 \u20ac 316\u00a0\u00a0<\/p><p class=\"p1\"><strong><em>Nebensaison:<\/em><\/strong><br \/>Reisezeiten \u00a004.01-27.03.26 &amp; 01.11.-20.12.26 &amp; 03.01.-20.03.27:\u00a0 \u20ac 246<\/p><\/div><\/div><p><em><strong>Mindestaufenthalt in N\u00e4chten<\/strong><\/em>:<br \/>Hauptsaison 7, Zwischensaison 5, Nebensaison 3.\u00a0<\/p><div><strong>Ab der 5. Person<\/strong> fallen pro Person und Tag \u20ac 40 an. Kinder bis 3 Jahre \u00fcbernachten kostenfrei. Eine Belegung ist mit max. 6 Personen (einschl. Kinder) m\u00f6glich.<\/div><div>Bettw\u00e4sche und Handt\u00fccher, je ein Set pro Person werden mit 25 Euro berechnet.<\/div><div>Badem\u00e4ntel, falls gew\u00fcnscht, berechnen wir mit 15 Euro pro Person.<\/div><div>Ein Kinderstuhl und ein Reisebett sind vorhanden, die Kinderbettw\u00e4sche wird pro Set mit 15 Euro berechnet.<\/div><div>Die Kosten f\u00fcr die Endreinigung\u00a0 belaufen sich auf \u20ac 233.<\/div><div>\u00a0<\/div><div><strong>Zusatzleistungen<\/strong>:<\/div><p>Zus\u00e4tzliches Set Bettw\u00e4sche 15,00 \u20ac<br \/>Zus\u00e4tzliches Set Handt\u00fccher 10,00 \u20ac<br \/>Zus\u00e4tzlicher Bademantel\u00a0 \u00a0 \u00a0\u00a015,00\u00a0\u20ac<\/p><p><strong>Buchungsbedingungen<\/strong>:<br \/>Bei der Buchung ist eine Anzahlung in H\u00f6he von 30% (mindestens 100 EUR) des Gesamtreisepreises innerhalb von 7 Tagen nach dem Ausstellungsdatum der Buchungsbest\u00e4tigung zu zahlen. Der Restbetrag ist sp\u00e4testens 14 Tage vor der Anreise zu \u00fcberweisen.\u00a0<\/p><p>\u00a0Es gelten folgende Stornobedingungen:<\/p><ul><li>bis 14 Tage vor Mietbeginn: kostenfrei\u00a0<\/li><li>bis 7 Tage vor Mietbeginn: 70% des \u00dcbernachtungspreises<\/li><li>bis 1 Tag vor Mietbeginn bzw. am Anreisetag 90% des \u00dcbernachtungspreises<\/li><\/ul><\/div>\n\t\t\t\t<\/div>\n\t\t\t\t<\/div>\n\t\t\t\t\t\t<\/div>\n\t\t\t\t\t<\/div>\n\t\t<\/div>\n\t\t\t\t\t\t\t\t<\/div>\n\t\t\t\t\t<\/div>\n\t\t<\/section>\n\t\t\t\t<section class=\"elementor-section elementor-top-section elementor-element elementor-element-be6630e elementor-section-boxed elementor-section-height-default elementor-section-height-default\" data-id=\"be6630e\" data-element_type=\"section\">\n\t\t\t\t\t\t<div class=\"elementor-container elementor-column-gap-default\">\n\t\t\t\t\t\t\t<div class=\"elementor-row\">\n\t\t\t\t\t<div class=\"elementor-column elementor-col-100 elementor-top-column elementor-element elementor-element-189459a\" data-id=\"189459a\" data-element_type=\"column\">\n\t\t\t<div class=\"elementor-column-wrap elementor-element-populated\">\n\t\t\t\t\t\t\t<div class=\"elementor-widget-wrap\">\n\t\t\t\t\t\t<div class=\"elementor-element elementor-element-8b3b625 elementor-widget elementor-widget-html\" data-id=\"8b3b625\" data-element_type=\"widget\" data-widget_type=\"html.default\">\n\t\t\t\t<div class=\"elementor-widget-container\">\n\t\t\t<script type=\"text\/javascript\" src=\"https:\/\/www.dw-formmailer.de\/forms_js.php?f=7754_67536\"><\/script>\t\t<\/div>\n\t\t\t\t<\/div>\n\t\t\t\t\t\t<\/div>\n\t\t\t\t\t<\/div>\n\t\t<\/div>\n\t\t\t\t\t\t\t\t<\/div>\n\t\t\t\t\t<\/div>\n\t\t<\/section>\n\t\t\t\t<section class=\"elementor-section elementor-top-section elementor-element elementor-element-d365e05 elementor-section-boxed elementor-section-height-default elementor-section-height-default\" data-id=\"d365e05\" data-element_type=\"section\">\n\t\t\t\t\t\t<div class=\"elementor-container elementor-column-gap-default\">\n\t\t\t\t\t\t\t<div class=\"elementor-row\">\n\t\t\t\t\t<div class=\"elementor-column elementor-col-100 elementor-top-column elementor-element elementor-element-eb53253\" data-id=\"eb53253\" data-element_type=\"column\">\n\t\t\t<div class=\"elementor-column-wrap elementor-element-populated\">\n\t\t\t\t\t\t\t<div class=\"elementor-widget-wrap\">\n\t\t\t\t\t\t<div class=\"elementor-element elementor-element-2971fa2 elementor-widget elementor-widget-text-editor\" data-id=\"2971fa2\" data-element_type=\"widget\" data-widget_type=\"text-editor.default\">\n\t\t\t\t<div class=\"elementor-widget-container\">\n\t\t\t\t\t<div class=\"elementor-text-editor elementor-clearfix\"><p><strong>Bitte pr\u00fcfen Sie auch Ihren Spamordner auf Post von uns!<\/strong><\/p><\/div>\n\t\t\t\t<\/div>\n\t\t\t\t<\/div>\n\t\t\t\t\t\t<\/div>\n\t\t\t\t\t<\/div>\n\t\t<\/div>\n\t\t\t\t\t\t\t\t<\/div>\n\t\t\t\t\t<\/div>\n\t\t<\/section>\n\t\t\t\t<section class=\"elementor-section elementor-top-section elementor-element elementor-element-5fe1fb8 elementor-section-boxed elementor-section-height-default elementor-section-height-default\" data-id=\"5fe1fb8\" data-element_type=\"section\">\n\t\t\t\t\t\t\t<div class=\"elementor-background-overlay\"><\/div>\n\t\t\t\t\t\t\t<div class=\"elementor-container elementor-column-gap-default\">\n\t\t\t\t\t\t\t<div class=\"elementor-row\">\n\t\t\t\t\t<div class=\"elementor-column elementor-col-100 elementor-top-column elementor-element elementor-element-82ea715\" data-id=\"82ea715\" data-element_type=\"column\">\n\t\t\t<div class=\"elementor-column-wrap elementor-element-populated\">\n\t\t\t\t\t\t\t<div class=\"elementor-widget-wrap\">\n\t\t\t\t\t\t<div class=\"elementor-element elementor-element-789ea54 elementor-widget elementor-widget-text-editor\" data-id=\"789ea54\" data-element_type=\"widget\" data-widget_type=\"text-editor.default\">\n\t\t\t\t<div class=\"elementor-widget-container\">\n\t\t\t\t\t<div class=\"elementor-text-editor elementor-clearfix\"><div><p><strong>Gastzitate:<\/strong><\/p><\/div><div><p><em>&#8222;Hatten wundersch\u00f6ne Tage, alles hat gepasst, oder war noch besser. Sehr gute architektonische Details, gute Raumaufteilung, sch\u00f6ne Ausblicke, angenehme Oberfl\u00e4chen und dazu noch eine perfekte Ausstattung.&#8220;<\/em><\/p><\/div><div><p><em>&#8222;Zum Gl\u00fcck gibt es Menschen, die es \u00fcber&#8217;s Herz bringen, ein solches Haus zu vermieten.&#8220;<\/em><\/p><\/div><div><p><em>&#8222;Die tollen Bilder im Internet haben gelockt &#8211; unsere Erwartungen wurden sogar noch \u00fcbertroffen. Das Haus hat eine ganz besondere Energie, die sich auf alle Mitreisenden\u00a0sehr positiv ausgewirkt hat.&#8220;<\/em><\/p><\/div><div><p><em>&#8222;Das Haus ist ein tats\u00e4chliches Refugium f\u00fcr Zeit- und Freigeister&#8230;\u00a0 Chapeau! Danke, dass wir hier sein durften!&#8220;<\/em><\/p><\/div><div><em>&#8222;H\u00e4user, wie das Seehaus haben in der &#8222;Welt des sch\u00f6nen Scheins&#8220; einen besonderen Wert.&#8220;<\/em><\/div><div>\u00a0<\/div><div>\u00a0<\/div><\/div>\n\t\t\t\t<\/div>\n\t\t\t\t<\/div>\n\t\t\t\t\t\t<\/div>\n\t\t\t\t\t<\/div>\n\t\t<\/div>\n\t\t\t\t\t\t\t\t<\/div>\n\t\t\t\t\t<\/div>\n\t\t<\/section>\n\t\t\t\t\t\t<\/div>\n\t\t\t\t\t\t<\/div>\n\t\t\t\t\t<\/div>\n\t\t","protected":false},"excerpt":{"rendered":"<p>Im Zeitraum 11.4.26 bis 19.4.26 gilt das Angebot 8 N\u00e4chte zum Preis von 7, bzw. 7 f\u00fcr 6! Preise\/Anfrage Preise 2026\/2027 pro Nacht f\u00fcr eine Belegung von bis zu 4 Personen \u00a0 Hauptsaison plus:Reisezeiten 10.07.-23.08.26 &amp; 27.12.26-03.01.27 &amp; 10.07.-22.08.27:\u00a0 \u20ac 396 Hauptsaison:Reisezeiten 14.05.-01.06.26 &amp; 15.06.-10.07.26 &amp; 23.08-15.09.26 &amp; 01.05.-17.05.27 &amp; 15.06.-10.07.27 &amp; 22.08.-15.09.27:\u00a0 \u20ac 386\u00a0 [&hellip;]<\/p>\n","protected":false},"author":1,"featured_media":0,"parent":0,"menu_order":0,"comment_status":"closed","ping_status":"closed","template":"page-templates\/page_fullwidth.php","meta":[],"_links":{"self":[{"href":"https:\/\/seehaus-ahrenshoop.de\/das-haus\/wp-json\/wp\/v2\/pages\/41"}],"collection":[{"href":"https:\/\/seehaus-ahrenshoop.de\/das-haus\/wp-json\/wp\/v2\/pages"}],"about":[{"href":"https:\/\/seehaus-ahrenshoop.de\/das-haus\/wp-json\/wp\/v2\/types\/page"}],"author":[{"embeddable":true,"href":"https:\/\/seehaus-ahrenshoop.de\/das-haus\/wp-json\/wp\/v2\/users\/1"}],"replies":[{"embeddable":true,"href":"https:\/\/seehaus-ahrenshoop.de\/das-haus\/wp-json\/wp\/v2\/comments?post=41"}],"version-history":[{"count":288,"href":"https:\/\/seehaus-ahrenshoop.de\/das-haus\/wp-json\/wp\/v2\/pages\/41\/revisions"}],"predecessor-version":[{"id":1786,"href":"https:\/\/seehaus-ahrenshoop.de\/das-haus\/wp-json\/wp\/v2\/pages\/41\/revisions\/1786"}],"wp:attachment":[{"href":"https:\/\/seehaus-ahrenshoop.de\/das-haus\/wp-json\/wp\/v2\/media?parent=41"}],"curies":[{"name":"wp","href":"https:\/\/api.w.org\/{rel}","templated":true}]}}